{"id":2,"date":"2017-06-08T20:42:17","date_gmt":"2017-06-08T20:42:17","guid":{"rendered":"http:\/\/tiendaprimaveranc.com\/\/?page_id=2"},"modified":"2021-11-12T15:54:30","modified_gmt":"2021-11-12T15:54:30","slug":"casa","status":"publish","type":"page","link":"https:\/\/tiendaprimaveranc.com\/","title":{"rendered":"Casa De Tienda Primavera"},"content":{"rendered":"<body><div id=\"pl-2\" class=\"panel-layout\"><div id=\"pg-2-0\" class=\"panel-grid panel-no-style\"><div id=\"pgc-2-0-0\" class=\"panel-grid-cell\"><div id=\"panel-2-0-0-0\" class=\"so-panel widget widget_sow-image panel-first-child panel-last-child\" data-index=\"0\"><div class=\"so-widget-sow-image so-widget-sow-image-default-8b5b6f678277-2\">\n<div class=\"sow-image-container\">\n\t\t<img decoding=\"async\" src=\"https:\/\/tiendaprimaveranc.com\/wp-content\/uploads\/2017\/09\/Carlos-and-family.png\" width=\"667\" height=\"688\" srcset=\"https:\/\/tiendaprimaveranc.com\/wp-content\/uploads\/2017\/09\/Carlos-and-family.png 667w, https:\/\/tiendaprimaveranc.com\/wp-content\/uploads\/2017\/09\/Carlos-and-family-291x300.png 291w\" sizes=\"(max-width: 667px) 100vw, 667px\" title=\"Carlos and family\" alt=\"\" class=\"so-widget-image\" loading=\"lazy\">\n\t<\/div>\n\n<\/div><\/div><\/div><div id=\"pgc-2-0-1\" class=\"panel-grid-cell\"><div id=\"panel-2-0-1-0\" class=\"so-panel widget widget_sow-editor panel-first-child panel-last-child\" data-index=\"1\"><div class=\"so-widget-sow-editor so-widget-sow-editor-base\">\n<div class=\"siteorigin-widget-tinymce textwidget\">\n\t<p><\/p>\n<p>Located in Sanford, North Carolina at 554 Oakwood, Sanford NC.<\/p>\n<p>Tienda Primvera, owned and operated by Carlos Mejia, is a local grocery store for the past 17 years has been offering customers many household items including fresh baked cookies and bread.<\/p>\n<p>We also carry most everyday items like spices, soda, beer, chips. We accept cash, credit cards, debit cards, and EBT cards.<\/p>\n<p>Situado en Sanford, Carolina del Norte en 554 Oakwood, Sanford NC.<\/p>\n<p>Tienda Primavera, una tienda local sirviendo ala comuninidad hispana durante los \u00faltimos 17 a\u00f1os ha estado ofreciendo a sus clientes muchos art\u00edculos para el hogar incluyendo galletas reci\u00e9n horneadas y pan.<\/p>\n<p>Tenemos renta den mesa y sillas para toda ocacion pinatas y dulces.<\/p>\n<p>Ofrecemos servicio de envio de dinero a Guatemala, El Salvador, M\u00e9xico, Honduras, Nicaragua, Estados Unidos, Costa Rica, Rep\u00fablica Dominicana.<\/p>\n<p>Ofrecemos servicios de env\u00edo a Guatemala, El Salvador, M\u00e9xico, Honduras, Nicaragua, Estados Unidos, Costa Rica, Rep\u00fablica Dominicana.<\/p>\n<p>Tambi\u00e9n ofrecemos la mayor\u00eda de los art\u00edculos cotidianos como: especias, soda, cerveza, productos centroamericanos y mexicanos. Aceptamos efectivo, tarjetas de cr\u00e9dito, tarjetas de d\u00e9bito y tarjetas EBT.<\/p>\n<p><\/p>\n<\/div>\n<\/div><\/div><\/div><\/div><div id=\"pg-2-1\" class=\"panel-grid panel-no-style\"><div id=\"pgc-2-1-0\" class=\"panel-grid-cell\"><div id=\"panel-2-1-0-0\" class=\"so-panel widget widget_sow-image panel-first-child panel-last-child\" data-index=\"2\"><div class=\"so-widget-sow-image so-widget-sow-image-default-8b5b6f678277-2\">\n<div class=\"sow-image-container\">\n\t\t<img decoding=\"async\" src=\"https:\/\/tiendaprimaveranc.com\/wp-content\/uploads\/2017\/09\/IMG_20170916_143928-e1505592274647.jpg\" width=\"1536\" height=\"2048\" srcset=\"https:\/\/tiendaprimaveranc.com\/wp-content\/uploads\/2017\/09\/IMG_20170916_143928-e1505592274647.jpg 1536w, https:\/\/tiendaprimaveranc.com\/wp-content\/uploads\/2017\/09\/IMG_20170916_143928-e1505592274647-225x300.jpg 225w, https:\/\/tiendaprimaveranc.com\/wp-content\/uploads\/2017\/09\/IMG_20170916_143928-e1505592274647-768x1024.jpg 768w, https:\/\/tiendaprimaveranc.com\/wp-content\/uploads\/2017\/09\/IMG_20170916_143928-e1505592274647-1140x1520.jpg 1140w\" sizes=\"(max-width: 1536px) 100vw, 1536px\" title=\"medicina\" alt=\"\" class=\"so-widget-image\" loading=\"lazy\">\n\t<\/div>\n\n<\/div><\/div><\/div><div id=\"pgc-2-1-1\" class=\"panel-grid-cell\"><div id=\"panel-2-1-1-0\" class=\"so-panel widget widget_sow-image panel-first-child panel-last-child\" data-index=\"3\"><div class=\"so-widget-sow-image so-widget-sow-image-default-8b5b6f678277-2\">\n<div class=\"sow-image-container\">\n\t\t<img decoding=\"async\" src=\"https:\/\/tiendaprimaveranc.com\/wp-content\/uploads\/2017\/09\/IMG_20170916_143941-e1505592055569.jpg\" width=\"1536\" height=\"2048\" srcset=\"https:\/\/tiendaprimaveranc.com\/wp-content\/uploads\/2017\/09\/IMG_20170916_143941-e1505592055569.jpg 1536w, https:\/\/tiendaprimaveranc.com\/wp-content\/uploads\/2017\/09\/IMG_20170916_143941-e1505592055569-225x300.jpg 225w, https:\/\/tiendaprimaveranc.com\/wp-content\/uploads\/2017\/09\/IMG_20170916_143941-e1505592055569-768x1024.jpg 768w, https:\/\/tiendaprimaveranc.com\/wp-content\/uploads\/2017\/09\/IMG_20170916_143941-e1505592055569-1140x1520.jpg 1140w\" sizes=\"(max-width: 1536px) 100vw, 1536px\" title=\"tarjetas telefonicas\" alt=\"\" class=\"so-widget-image\" loading=\"lazy\">\n\t<\/div>\n\n<\/div><\/div><\/div><div id=\"pgc-2-1-2\" class=\"panel-grid-cell\"><div id=\"panel-2-1-2-0\" class=\"so-panel widget widget_sow-image panel-first-child panel-last-child\" data-index=\"4\"><div class=\"so-widget-sow-image so-widget-sow-image-default-8b5b6f678277-2\">\n<div class=\"sow-image-container\">\n\t\t<img decoding=\"async\" src=\"https:\/\/tiendaprimaveranc.com\/wp-content\/uploads\/2017\/09\/IMG_20170916_144008-e1505592171849.jpg\" width=\"1536\" height=\"2048\" srcset=\"https:\/\/tiendaprimaveranc.com\/wp-content\/uploads\/2017\/09\/IMG_20170916_144008-e1505592171849.jpg 1536w, https:\/\/tiendaprimaveranc.com\/wp-content\/uploads\/2017\/09\/IMG_20170916_144008-e1505592171849-225x300.jpg 225w, https:\/\/tiendaprimaveranc.com\/wp-content\/uploads\/2017\/09\/IMG_20170916_144008-e1505592171849-768x1024.jpg 768w, https:\/\/tiendaprimaveranc.com\/wp-content\/uploads\/2017\/09\/IMG_20170916_144008-e1505592171849-1140x1520.jpg 1140w\" sizes=\"(max-width: 1536px) 100vw, 1536px\" title=\"especies y hierbas medicinales\" alt=\"\" class=\"so-widget-image\" loading=\"lazy\">\n\t<\/div>\n\n<\/div><\/div><\/div><div id=\"pgc-2-1-3\" class=\"panel-grid-cell\"><div id=\"panel-2-1-3-0\" class=\"so-panel widget widget_sow-image panel-first-child panel-last-child\" data-index=\"5\"><div class=\"so-widget-sow-image so-widget-sow-image-default-8b5b6f678277-2\">\n<div class=\"sow-image-container\">\n\t\t<img decoding=\"async\" src=\"https:\/\/tiendaprimaveranc.com\/wp-content\/uploads\/2017\/09\/IMG_20170916_144039-e1505592141973.jpg\" width=\"1536\" height=\"2048\" srcset=\"https:\/\/tiendaprimaveranc.com\/wp-content\/uploads\/2017\/09\/IMG_20170916_144039-e1505592141973.jpg 1536w, https:\/\/tiendaprimaveranc.com\/wp-content\/uploads\/2017\/09\/IMG_20170916_144039-e1505592141973-225x300.jpg 225w, https:\/\/tiendaprimaveranc.com\/wp-content\/uploads\/2017\/09\/IMG_20170916_144039-e1505592141973-768x1024.jpg 768w, https:\/\/tiendaprimaveranc.com\/wp-content\/uploads\/2017\/09\/IMG_20170916_144039-e1505592141973-1140x1520.jpg 1140w\" sizes=\"(max-width: 1536px) 100vw, 1536px\" alt=\"\" class=\"so-widget-image\" loading=\"lazy\">\n\t<\/div>\n\n<\/div><\/div><\/div><\/div><div id=\"pg-2-2\" class=\"panel-grid panel-no-style\"><div id=\"pgc-2-2-0\" class=\"panel-grid-cell\"><div id=\"panel-2-2-0-0\" class=\"so-panel widget widget_sow-image panel-first-child panel-last-child\" data-index=\"6\"><div class=\"so-widget-sow-image so-widget-sow-image-default-8b5b6f678277-2\">\n<div class=\"sow-image-container\">\n\t\t<img decoding=\"async\" src=\"https:\/\/tiendaprimaveranc.com\/wp-content\/uploads\/2017\/09\/IMG_20170916_144104-e1505592208541-225x300.jpg\" width=\"225\" height=\"300\" srcset=\"https:\/\/tiendaprimaveranc.com\/wp-content\/uploads\/2017\/09\/IMG_20170916_144104-e1505592208541-225x300.jpg 225w, https:\/\/tiendaprimaveranc.com\/wp-content\/uploads\/2017\/09\/IMG_20170916_144104-e1505592208541-768x1024.jpg 768w, https:\/\/tiendaprimaveranc.com\/wp-content\/uploads\/2017\/09\/IMG_20170916_144104-e1505592208541-1140x1520.jpg 1140w, https:\/\/tiendaprimaveranc.com\/wp-content\/uploads\/2017\/09\/IMG_20170916_144104-e1505592208541.jpg 1536w\" sizes=\"(max-width: 225px) 100vw, 225px\" title=\"chiles secos y chipilin fresco\" alt=\"\" class=\"so-widget-image\" loading=\"lazy\">\n\t<\/div>\n\n<\/div><\/div><\/div><div id=\"pgc-2-2-1\" class=\"panel-grid-cell\"><div id=\"panel-2-2-1-0\" class=\"so-panel widget widget_sow-image panel-first-child panel-last-child\" data-index=\"7\"><div class=\"so-widget-sow-image so-widget-sow-image-default-8b5b6f678277-2\">\n<div class=\"sow-image-container\">\n\t\t<img decoding=\"async\" src=\"https:\/\/tiendaprimaveranc.com\/wp-content\/uploads\/2017\/09\/IMG_20170916_144112.jpg\" width=\"2048\" height=\"1536\" srcset=\"https:\/\/tiendaprimaveranc.com\/wp-content\/uploads\/2017\/09\/IMG_20170916_144112.jpg 2048w, https:\/\/tiendaprimaveranc.com\/wp-content\/uploads\/2017\/09\/IMG_20170916_144112-300x225.jpg 300w, https:\/\/tiendaprimaveranc.com\/wp-content\/uploads\/2017\/09\/IMG_20170916_144112-768x576.jpg 768w, https:\/\/tiendaprimaveranc.com\/wp-content\/uploads\/2017\/09\/IMG_20170916_144112-1024x768.jpg 1024w, https:\/\/tiendaprimaveranc.com\/wp-content\/uploads\/2017\/09\/IMG_20170916_144112-1140x855.jpg 1140w\" sizes=\"(max-width: 2048px) 100vw, 2048px\" title=\"pescado seco\" alt=\"\" class=\"so-widget-image\" loading=\"lazy\">\n\t<\/div>\n\n<\/div><\/div><\/div><div id=\"pgc-2-2-2\" class=\"panel-grid-cell\"><div id=\"panel-2-2-2-0\" class=\"so-panel widget widget_sow-image panel-first-child panel-last-child\" data-index=\"8\"><div class=\"so-widget-sow-image so-widget-sow-image-default-8b5b6f678277-2\">\n<div class=\"sow-image-container\">\n\t\t<img decoding=\"async\" src=\"https:\/\/tiendaprimaveranc.com\/wp-content\/uploads\/2017\/09\/Resized952017051695191720-e1505595064278-169x300.jpg\" width=\"169\" height=\"300\" srcset=\"https:\/\/tiendaprimaveranc.com\/wp-content\/uploads\/2017\/09\/Resized952017051695191720-e1505595064278-169x300.jpg 169w, https:\/\/tiendaprimaveranc.com\/wp-content\/uploads\/2017\/09\/Resized952017051695191720-e1505595064278-768x1365.jpg 768w, https:\/\/tiendaprimaveranc.com\/wp-content\/uploads\/2017\/09\/Resized952017051695191720-e1505595064278-576x1024.jpg 576w, https:\/\/tiendaprimaveranc.com\/wp-content\/uploads\/2017\/09\/Resized952017051695191720-e1505595064278.jpg 900w\" sizes=\"(max-width: 169px) 100vw, 169px\" title=\"pan surtido de mexico\" alt=\"\" class=\"so-widget-image\" loading=\"lazy\">\n\t<\/div>\n\n<\/div><\/div><\/div><div id=\"pgc-2-2-3\" class=\"panel-grid-cell\"><div id=\"panel-2-2-3-0\" class=\"so-panel widget widget_sow-image panel-first-child panel-last-child\" data-index=\"9\"><div class=\"so-widget-sow-image so-widget-sow-image-default-8b5b6f678277-2\">\n<div class=\"sow-image-container\">\n\t\t<img decoding=\"async\" src=\"https:\/\/tiendaprimaveranc.com\/wp-content\/uploads\/2017\/09\/2.jpg\" width=\"5312\" height=\"2988\" srcset=\"https:\/\/tiendaprimaveranc.com\/wp-content\/uploads\/2017\/09\/2.jpg 5312w, https:\/\/tiendaprimaveranc.com\/wp-content\/uploads\/2017\/09\/2-300x169.jpg 300w, https:\/\/tiendaprimaveranc.com\/wp-content\/uploads\/2017\/09\/2-768x432.jpg 768w, https:\/\/tiendaprimaveranc.com\/wp-content\/uploads\/2017\/09\/2-1024x576.jpg 1024w, https:\/\/tiendaprimaveranc.com\/wp-content\/uploads\/2017\/09\/2-1140x641.jpg 1140w\" sizes=\"(max-width: 5312px) 100vw, 5312px\" title=\"pedazos d pastel tres leches -2\" alt=\"\" class=\"so-widget-image\" loading=\"lazy\">\n\t<\/div>\n\n<\/div><\/div><\/div><\/div><\/div><\/body>","protected":false},"excerpt":{"rendered":"<p>Located in Sanford, North Carolina at 554 Oakwood, Sanford NC. Tienda Primvera, owned and operated by Carlos Mejia, is a local grocery store for the past 17 years has been offering customers many household items including fresh baked cookies and bread. We also carry most everyday items like spices, soda,&hellip;<\/p>\n<p class=\"read-more\"><a href=\"https:\/\/tiendaprimaveranc.com\/\">Read More<\/a><\/p>\n","protected":false},"author":1,"featured_media":0,"parent":0,"menu_order":0,"comment_status":"closed","ping_status":"open","template":"page-templates\/full-width.php","meta":{"om_disable_all_campaigns":false,"_monsterinsights_skip_tracking":false,"_monsterinsights_sitenote_active":false,"_monsterinsights_sitenote_note":"","_monsterinsights_sitenote_category":0,"footnotes":""},"aioseo_notices":[],"_links":{"self":[{"href":"https:\/\/tiendaprimaveranc.com\/index.php\/wp-json\/wp\/v2\/pages\/2"}],"collection":[{"href":"https:\/\/tiendaprimaveranc.com\/index.php\/wp-json\/wp\/v2\/pages"}],"about":[{"href":"https:\/\/tiendaprimaveranc.com\/index.php\/wp-json\/wp\/v2\/types\/page"}],"author":[{"embeddable":true,"href":"https:\/\/tiendaprimaveranc.com\/index.php\/wp-json\/wp\/v2\/users\/1"}],"replies":[{"embeddable":true,"href":"https:\/\/tiendaprimaveranc.com\/index.php\/wp-json\/wp\/v2\/comments?post=2"}],"version-history":[{"count":15,"href":"https:\/\/tiendaprimaveranc.com\/index.php\/wp-json\/wp\/v2\/pages\/2\/revisions"}],"predecessor-version":[{"id":67,"href":"https:\/\/tiendaprimaveranc.com\/index.php\/wp-json\/wp\/v2\/pages\/2\/revisions\/67"}],"wp:attachment":[{"href":"https:\/\/tiendaprimaveranc.com\/index.php\/wp-json\/wp\/v2\/media?parent=2"}],"curies":[{"name":"wp","href":"https:\/\/api.w.org\/{rel}","templated":true}]}}